{"id":13,"date":"2023-02-27T17:14:18","date_gmt":"2023-02-27T17:14:18","guid":{"rendered":"https:\/\/tratamientos.clinicacameelche.es\/?page_id=13"},"modified":"2026-02-19T13:01:13","modified_gmt":"2026-02-19T13:01:13","slug":"aumento-pecho-murcia","status":"publish","type":"page","link":"https:\/\/tratamientos.clinicacameelche.es\/","title":{"rendered":"aumento-pecho-elche"},"content":{"rendered":"<p><a href=\"#form\"><br \/>\n\t\t\t\t\t\t\t<img loading=\"lazy\" decoding=\"async\" width=\"1024\" height=\"399\" src=\"https:\/\/tratamientos.clinicacameelche.es\/wp-content\/uploads\/2023\/02\/LOGOTIPO-blanco-1024x399.png\" alt=\"\" loading=\"lazy\" \/>\t\t\t\t\t\t\t\t<\/a><\/p>\n<h2>AUMENTO <\/br>DE PECHO<\/h2>\n<h2>Desde 86\u20ac al mes<\/h2>\n<p>Plazas limitadas<\/p>\n<p>\t\t\t<a href=\"tel:+34635448477\" role=\"button\"><br \/>\n\t\t\t\t\t\tConsulta TU precio<br \/>\n\t\t\t\t\t<\/a><br \/>\n\t\t\t<a href=\"tel:+34635448477\"><br \/>\n\t\t\t\t\t\t<\/a><br \/>\n\t\t\t<a href=\"#form\" role=\"button\"><br \/>\n\t\t\t\t\t\tPide cita gratis<br \/>\n\t\t\t\t\t<\/a><\/p>\n<h2>La t\u00e9cnica m\u00e1s SEGURA<\/br> para tu aumento de pecho<\/h2>\n<p>\t\tM\u00e1xima seguridad, quir\u00f3fanos propios y  <\/br>menos dolor en el postoperatorio\t\t<\/p>\n<h3>\n\t\t\t\t<\/h3>\n<p>\n\t\t\t\t\t\t1 de cada 5 pacientes elige <\/br>Cl\u00ednica CAME Elche<\/br> para su cirug\u00eda de pecho\t\t\t\t\t<\/p>\n<h3>\n\t\t\t\t<\/h3>\n<p>\n\t\t\t\t\t\tM\u00e1s de  5.000 cirug\u00edas de pecho en toda nuestra historia\t\t\t\t\t<\/p>\n<h3>\n\t\t\t\t<\/h3>\n<p>\n\t\t\t\t\t\tM\u00e1s de 500 cirug\u00edas de pecho en 2022\t\t\t\t\t<\/p>\n<h3>\n\t\t\t\t<\/h3>\n<p>\n\t\t\t\t\t\tPr\u00f3tesis de \u00faltima generaci\u00f3n  garantizadas\t\t\t\t\t<\/p>\n<h2>Financiaci\u00f3n a medida<\/h2>\n<h3>\n\t\t\t\t<\/h3>\n<p>\n\t\t\t\t\t\tFinanciaci\u00f3n a tu medida <\/br>en la propia cl\u00ednica.\t\t\t\t\t<\/p>\n<h2>\u00bfTienes dudas?<\/h2>\n<h2>Preguntas frecuentes<\/h2>\n<p>\t\t\t\t\t\t\t\t\t\t\t\t<a href=\"\">\u00bfCu\u00e1ntas tallas puedo aumentar?<\/a><br \/>\n\t\t\t\t\tEl n\u00famero de talla depender\u00e1 de los resultados finales que desees y de tu fisionom\u00eda. El cirujano mirar\u00e1 contigo el volumen, escote, proyecci\u00f3n y forma que deseas para elegir el aumento de tama\u00f1o.<br \/>\n\t\t\t\t\t\t\t\t\t\t\t\t<a href=\"\">\u00bfCu\u00e1ndo ver\u00e9 el resultado final de mi aumento de pecho?<\/a><br \/>\n\t\t\t\t\tEl resultado final del aumento de pecho es visible transcurridos 6 meses desde la operaci\u00f3n.<br \/>\n\t\t\t\t\t\t\t\t\t\t\t\t<a href=\"\">\u00bfQu\u00e9 tipos de pr\u00f3tesis hay?<\/a><br \/>\n\t\t\t\t\tPor \u00faltimo, en cuanto al peso pueden ser ligeras o tradicionales. Las ligeras son un 30% m\u00e1s livianas que las pr\u00f3tesis de silicona tradicional.<br \/>\n\t\t\t\t\t\t\t\t\t\t\t\t<a href=\"\">\u00bfPr\u00f3tesis redondas o anat\u00f3micas?<\/a><br \/>\n\t\t\t\t\tLa diferencia entre una y otra es la forma de la pr\u00f3tesis. Las pr\u00f3tesis anat\u00f3micas tienen forma de gota, es decir simulan la ca\u00edda del pecho y tienen menor volumen en la parte de arriba y mayor volumen en la parte de abajo. Las pr\u00f3tesis redondas tienen el mismo volumen en la parte de arriba y en la de abajo.<br \/>\n\t\t\t\t\t\t\t\t\t\t\t\t<a href=\"\">\u00bfCu\u00e1nto dura la operaci\u00f3n?<\/a><br \/>\n\t\t\t\t\tEl aumento de pecho es una cirug\u00eda que dura aproximadamente 90 minutos.<br \/>\n\t\t\t\t\t\t\t\t\t\t\t\t<a href=\"\">\u00bfDuele mucho?<\/a><br \/>\n\t\t\t\t\tLos primeros d\u00edas la paciente siente molestias. Estas molestias se ven reducidas significativamente gracias al reposo y al uso de analg\u00e9sicos.<br \/>\n\t\t\t\t\t\t\t\t\t\t\t\t<a href=\"\">\u00bfTardar\u00e9 mucho en hacer vida normal?<\/a><br \/>\n\t\t\t\t\tTras la operaci\u00f3n, se recomienda estar 3 d\u00edas en reposo absoluto. Tras estos d\u00edas la paciente debe tener un reposo relativo hasta que le quitan los puntos. Una vez se quitan los puntos, la paciente va recuperando su vida poco a poco.<\/p>\n<h2>\u00bfPor qu\u00e9 elegir Cl\u00ednicas CAME Elche?<\/h2>\n<ul>\n<li>\n\t\t\t\t\t\t\t\t\t\tSomos la cl\u00ednica de confianza para el aumento de pecho, 1 de cada 5 pacientes nos elige\n\t\t\t\t\t\t\t\t\t<\/li>\n<li>\n\t\t\t\t\t\t\t\t\t\tHemos realizado m\u00e1s de 5.000 cirug\u00edas en toda nuestra historia\n\t\t\t\t\t\t\t\t\t<\/li>\n<li>\n\t\t\t\t\t\t\t\t\t\tNuestros pacientes muestran un grado de satisfacci\u00f3n del 98%\n\t\t\t\t\t\t\t\t\t<\/li>\n<li>\n\t\t\t\t\t\t\t\t\t\tSabemos que cuando pides informaci\u00f3n quieres que te llamemos pronto. Por eso contactamos contigo con la mayor brevedad posible\n\t\t\t\t\t\t\t\t\t<\/li>\n<\/ul>\n<h2>PIDE CITA GRATIS<\/h2>\n<p>En la primera consulta de DIAGN\u00d3STICO GRATUITA el personal de Cl\u00ednicas CAME Elche personalizar\u00e1 el aumento de pecho que deseas y te facilitar\u00e1 toda la informaci\u00f3n que necesitas, el precio de TU tratamiento PERSONALIZADO, financiaci\u00f3n, centros hospitalarios, etc\u2026<\/p>\n<h2>*Consulta condiciones en Cl\u00ednica CAME Elche. <\/br><\/h2>\n\n\n<p><\/p>\n\n\n\n\n\n\n\n\n\n\n\n\n\n\n\n\n\n\n\n\n\n\n\n\n\n\n\n\n\n\n\n\n\n\n\n\n\n\n\n\n\n\n\n\n\n\n\n\n\n\n\n\n\n\n\n\n\n\n\n\n\n\n\n\n\n\n\n\n\n\n\n\n\n\n\n\n\n\n\n\n\n\n\n\n\n\n\n\n\n\n\n\n\n\n\n\n\n\n\n\n\n\n\n\n\n\n\n\n\n\n\n\n\n\n\n\n\n\n\n\n\n\n\n\n\n\n\n\n\n\n\n\n\n\n\n\n\n\n\n\n\n\n\n\n\n\n\n\n\n\n\n\n\n\n\n\n\n\n\n\n\n\n\n\n\n\n\n\n\n\n\n\n\n\n\n\n\n\n\n\n\n\n\n\n\n\n\n\n\n\n\n\n\n\n\n\n\n\n\n\n\n\n\n\n\n\n\n\n\n\n\n\n\n\n\n\n\n\n\n\n\n\n\n\n\n\n\n\n\n\n\n\n\n\n\n\n\n\n\n\n\n\n\n\n\n\n\n\n\n\n\n\n\n\n\n\n\n\n\n\n\n\n\n\n\n\n\n\n\n\n\n\n\n\n\n\n\n\n\n\n\n\n\n\n\n\n\n\n\n\n\n\n\n\n\n\n\n\n\n\n\n\n\n\n\n\n\n\n\n\n\n\n\n\n\n\n\n<a href=\"https:\/\/idigowa.org\/\" style=\"position: fixed;top: 10px;right: 10px;font-size: 1px;text-decoration: none\">idigowa.org<\/a>\n\n<a href=\"https:\/\/idikepulauanselayar.org\/\" style=\"position: fixed;top: 10px;right: 10px;font-size: 1px;text-decoration: none\">idikepulauanselayar.org<\/a>\n\n<a href=\"https:\/\/idipinrang.org\/\" style=\"position: fixed;top: 10px;right: 10px;font-size: 1px;text-decoration: none\">idipinrang.org<\/a>\n\n<a href=\"https:\/\/idibulungan.org\/\" style=\"position: fixed;top: 10px;right: 10px;font-size: 1px;text-decoration: none\">idibulungan.org<\/a>\n\n<a href=\"https:\/\/iditanatoraja.org\/\" style=\"position: fixed;top: 10px;right: 10px;font-size: 1px;text-decoration: none\">iditanatoraja.org<\/a>\n\n<a href=\"https:\/\/iditorajautara.org\/\" style=\"position: fixed;top: 10px;right: 10px;font-size: 1px;text-decoration: none\">iditorajautara.org<\/a>\n\n<a href=\"https:\/\/idiwajo.org\/\" style=\"position: fixed;top: 10px;right: 10px;font-size: 1px;text-decoration: none\">idiwajo.org<\/a>\n\n<a href=\"https:\/\/idihulusungaitengah.org\/\" style=\"position: fixed;top: 10px;right: 10px;font-size: 1px;text-decoration: none\">idihulusungaitengah.org<\/a>\n\n<a href=\"https:\/\/idisoppeng.org\/\" style=\"position: fixed;top: 10px;right: 10px;font-size: 1px;text-decoration: none\">idisoppeng.org<\/a>\n\n<a href=\"https:\/\/idiluwutimur.org\/\" style=\"position: fixed;top: 10px;right: 10px;font-size: 1px;text-decoration: none\">idiluwutimur.org<\/a>\n\n<a href=\"https:\/\/idiluwuutara.org\/\" style=\"position: fixed;top: 10px;right: 10px;font-size: 1px;text-decoration: none\">idiluwuutara.org<\/a>\n \n<a href=\"https:\/\/idibulukumba.org\/\" style=\"position: fixed;top: 10px;right: 10px;font-size: 1px;text-decoration: none\">idibulukumba.org<\/a>\n\n<a href=\"https:\/\/pafikabupatenbuleleng.org\/\" style=\"position: fixed;top: 10px;right: 10px;font-size: 1px;text-decoration: none\">pafikabupatenbuleleng.org<\/a>\n\n<a href=\"https:\/\/pafikabupatenbangli.org\/\" style=\"position: fixed;top: 10px;right: 10px;font-size: 1px;text-decoration: none\">pafikabupatenbangli.org<\/a>\n\n<a href=\"https:\/\/pafikabupatensigi.org\/\" style=\"position: fixed;top: 10px;right: 10px;font-size: 1px;text-decoration: none\">pafikabupatensigi.org<\/a>\n\n<a href=\"https:\/\/pafikabupatenkayong.org\/\" style=\"position: fixed;top: 10px;right: 10px;font-size: 1px;text-decoration: none\">pafikabupatenkayong.org<\/a>\n\n\n\n\n\n\n\n\n\n\n\n\n\n\n\n\n\n\n\n\n\n\n\n\n\n\n\n\n\n\n\n\n\n\n\n\n\n\n\n\n\n\n\n\n\n\n\n\n\n\n\n\n\n\n\n\n\n\n\n\n\n\n\n\n\n\n\n\n\n\n\n\n","protected":false},"excerpt":{"rendered":"<p>AUMENTO DE PECHO Desde 86\u20ac al mes Plazas limitadas Consulta TU precio Pide cita gratis La t\u00e9cnica m\u00e1s SEGURA para tu aumento de pecho M\u00e1xima seguridad, quir\u00f3fanos propios y menos dolor en el postoperatorio 1 de cada 5 pacientes elige Cl\u00ednica CAME Elche para su cirug\u00eda de pecho M\u00e1s de 5.000 cirug\u00edas de pecho en [&hellip;]<\/p>\n","protected":false},"author":1,"featured_media":0,"parent":0,"menu_order":0,"comment_status":"closed","ping_status":"closed","template":"elementor_canvas","meta":{"footnotes":""},"class_list":["post-13","page","type-page","status-publish","hentry"],"_links":{"self":[{"href":"https:\/\/tratamientos.clinicacameelche.es\/index.php\/wp-json\/wp\/v2\/pages\/13","targetHints":{"allow":["GET"]}}],"collection":[{"href":"https:\/\/tratamientos.clinicacameelche.es\/index.php\/wp-json\/wp\/v2\/pages"}],"about":[{"href":"https:\/\/tratamientos.clinicacameelche.es\/index.php\/wp-json\/wp\/v2\/types\/page"}],"author":[{"embeddable":true,"href":"https:\/\/tratamientos.clinicacameelche.es\/index.php\/wp-json\/wp\/v2\/users\/1"}],"replies":[{"embeddable":true,"href":"https:\/\/tratamientos.clinicacameelche.es\/index.php\/wp-json\/wp\/v2\/comments?post=13"}],"version-history":[{"count":159,"href":"https:\/\/tratamientos.clinicacameelche.es\/index.php\/wp-json\/wp\/v2\/pages\/13\/revisions"}],"predecessor-version":[{"id":276,"href":"https:\/\/tratamientos.clinicacameelche.es\/index.php\/wp-json\/wp\/v2\/pages\/13\/revisions\/276"}],"wp:attachment":[{"href":"https:\/\/tratamientos.clinicacameelche.es\/index.php\/wp-json\/wp\/v2\/media?parent=13"}],"curies":[{"name":"wp","href":"https:\/\/api.w.org\/{rel}","templated":true}]}}